{"id":78,"date":"2017-05-12T12:13:37","date_gmt":"2017-05-12T11:13:37","guid":{"rendered":"http:\/\/www.esbb.pt\/web\/?page_id=78"},"modified":"2017-11-08T18:20:39","modified_gmt":"2017-11-08T18:20:39","slug":"bufete","status":"publish","type":"page","link":"https:\/\/www.esbb.pt\/web\/escola-pagina-menu\/acao-social-escolar\/bufete\/","title":{"rendered":"Bufete"},"content":{"rendered":"<div id=\"pl-78\"  class=\"panel-layout\" ><div id=\"pg-78-0\"  class=\"panel-grid panel-has-style\" ><div class=\"siteorigin-panels-stretch panel-row-style panel-row-style-for-78-0\" data-stretch-type=\"full-stretched\" ><div id=\"pgc-78-0-0\"  class=\"panel-grid-cell\" ><div id=\"panel-78-0-0-0\" class=\"so-panel widget_sow-image panel-first-child panel-last-child\" data-index=\"0\" ><div\n\t\t\t\n\t\t\tclass=\"so-widget-sow-image so-widget-sow-image-default-c4f6304fc136-78\"\n\t\t\t\n\t\t>\n<div class=\"sow-image-container\">\n\t\t<img \n\tsrc=\"https:\/\/www.esbb.pt\/web\/wp-content\/uploads\/2017\/05\/esbb_banner_escola_05.jpg\" width=\"1506\" height=\"262\" srcset=\"https:\/\/www.esbb.pt\/web\/wp-content\/uploads\/2017\/05\/esbb_banner_escola_05.jpg 1506w, https:\/\/www.esbb.pt\/web\/wp-content\/uploads\/2017\/05\/esbb_banner_escola_05-300x52.jpg 300w, https:\/\/www.esbb.pt\/web\/wp-content\/uploads\/2017\/05\/esbb_banner_escola_05-768x134.jpg 768w, https:\/\/www.esbb.pt\/web\/wp-content\/uploads\/2017\/05\/esbb_banner_escola_05-1024x178.jpg 1024w\" sizes=\"(max-width: 1506px) 100vw, 1506px\" title=\"SONY DSC\" alt=\"\" \t\tclass=\"so-widget-image\"\/>\n\t<\/div>\n\n<\/div><\/div><\/div><\/div><\/div><div id=\"pg-78-1\"  class=\"panel-grid panel-has-style\" ><div class=\"panel-row-style panel-row-style-for-78-1\" ><div id=\"pgc-78-1-0\"  class=\"panel-grid-cell\" ><div id=\"panel-78-1-0-0\" class=\"so-panel widget_sow-editor panel-first-child panel-last-child\" data-index=\"1\" ><div\n\t\t\t\n\t\t\tclass=\"so-widget-sow-editor so-widget-sow-editor-base\"\n\t\t\t\n\t\t>\n<div class=\"siteorigin-widget-tinymce textwidget\">\n\t<h1>Bufete<\/h1>\n<p><b>O conte\u00fado pretendido ser\u00e1 disponibilizado brevemente.<\/b><\/p>\n<p>Para mais informa\u00e7\u00f5es, contacte-nos. Obrigado.<\/p>\n<\/div>\n<\/div><\/div><\/div><div id=\"pgc-78-1-1\"  class=\"panel-grid-cell\" ><div id=\"panel-78-1-1-0\" class=\"so-panel widget_sow-editor panel-first-child\" data-index=\"2\" ><div class=\"panel-widget-style panel-widget-style-for-78-1-1-0\" ><div\n\t\t\t\n\t\t\tclass=\"so-widget-sow-editor so-widget-sow-editor-base\"\n\t\t\t\n\t\t>\n<div class=\"siteorigin-widget-tinymce textwidget\">\n\t<div style=\"background-color: #d23f42; text-align: center; padding-top: 30px; padding-bottom: 30px;\"><span style=\"color: #ffffff;\"><i class=\"fa fa-university fa-2x\"><\/i><\/span>\n<h1><span style=\"color: #ffffff;\">Escola<\/span><\/h1>\n<\/div><\/div>\n<\/div><\/div><\/div><div id=\"panel-78-1-1-1\" class=\"so-panel widget_nav_menu panel-last-child\" data-index=\"3\" ><div class=\"panel-widget-style panel-widget-style-for-78-1-1-1\" ><div class=\"menu-escola-menu-container\"><ul id=\"menu-escola-menu\" class=\"menu\"><li id=\"menu-item-1045\" class=\"menu-item menu-item-type-custom menu-item-object-custom menu-item-has-children menu-item-1045\"><a>A\u00e7\u00e3o Social Escolar<\/a>\n<ul class=\"sub-menu\">\n\t<li id=\"menu-item-717\" class=\"menu-item menu-item-type-post_type menu-item-object-page menu-item-717\"><a href=\"https:\/\/www.esbb.pt\/web\/escola-pagina-menu\/acao-social-escolar\/auxilios-economicos\/\">Aux\u00edlios Econ\u00f3micos<\/a><\/li>\n\t<li id=\"menu-item-718\" class=\"menu-item menu-item-type-post_type menu-item-object-page menu-item-718\"><a href=\"https:\/\/www.esbb.pt\/web\/escola-pagina-menu\/acao-social-escolar\/bufete\/\">Bufete<\/a><\/li>\n\t<li id=\"menu-item-719\" class=\"menu-item menu-item-type-post_type menu-item-object-page menu-item-719\"><a href=\"https:\/\/www.esbb.pt\/web\/escola-pagina-menu\/acao-social-escolar\/papelaria\/\">Papelaria<\/a><\/li>\n\t<li id=\"menu-item-720\" class=\"menu-item menu-item-type-post_type menu-item-object-page menu-item-720\"><a href=\"https:\/\/www.esbb.pt\/web\/escola-pagina-menu\/acao-social-escolar\/refeitorio\/\">Refeit\u00f3rio<\/a><\/li>\n\t<li id=\"menu-item-721\" class=\"menu-item menu-item-type-post_type menu-item-object-page menu-item-721\"><a href=\"https:\/\/www.esbb.pt\/web\/escola-pagina-menu\/acao-social-escolar\/seguro-escolar\/\">Seguro Escolar<\/a><\/li>\n\t<li id=\"menu-item-722\" class=\"menu-item menu-item-type-post_type menu-item-object-page menu-item-722\"><a href=\"https:\/\/www.esbb.pt\/web\/escola-pagina-menu\/acao-social-escolar\/transportes-escolares\/\">Transportes Escolares<\/a><\/li>\n<\/ul>\n<\/li>\n<li id=\"menu-item-1052\" class=\"menu-item menu-item-type-custom menu-item-object-custom menu-item-has-children menu-item-1052\"><a>Servi\u00e7os<\/a>\n<ul class=\"sub-menu\">\n\t<li id=\"menu-item-737\" class=\"menu-item menu-item-type-post_type menu-item-object-page menu-item-737\"><a href=\"https:\/\/www.esbb.pt\/web\/escola-pagina-menu\/servicos\/cdibiblioteca\/\">CDI\/Biblioteca<\/a><\/li>\n\t<li id=\"menu-item-738\" class=\"menu-item menu-item-type-post_type menu-item-object-page menu-item-738\"><a href=\"https:\/\/www.esbb.pt\/web\/escola-pagina-menu\/servicos\/reprografia\/\">Reprografia<\/a><\/li>\n\t<li id=\"menu-item-739\" class=\"menu-item menu-item-type-post_type menu-item-object-page menu-item-739\"><a href=\"https:\/\/www.esbb.pt\/web\/escola-pagina-menu\/servicos\/secretaria\/\">Secretaria<\/a><\/li>\n<\/ul>\n<\/li>\n<li id=\"menu-item-723\" class=\"menu-item menu-item-type-post_type menu-item-object-page menu-item-723\"><a href=\"https:\/\/www.esbb.pt\/web\/escola-pagina-menu\/clube-da-ciencia\/\">Clube da Ci\u00eancia<\/a><\/li>\n<li id=\"menu-item-1246\" class=\"menu-item menu-item-type-post_type menu-item-object-page menu-item-1246\"><a href=\"https:\/\/www.esbb.pt\/web\/escola-pagina-menu\/documentos-gerais\/\">Documentos Gerais<\/a><\/li>\n<li id=\"menu-item-725\" class=\"menu-item menu-item-type-post_type menu-item-object-page menu-item-725\"><a href=\"https:\/\/www.esbb.pt\/web\/escola-pagina-menu\/links\/\">Links<\/a><\/li>\n<li id=\"menu-item-1563\" class=\"menu-item menu-item-type-custom menu-item-object-custom menu-item-1563\"><a href=\"http:\/\/www.esbb.pt\/modules\/tinycontent\/pdf\/ESBB_Atendimento_Qualifica.pdf\">Centro Qualifica<\/a><\/li>\n<li id=\"menu-item-1640\" class=\"menu-item menu-item-type-post_type menu-item-object-post menu-item-1640\"><a href=\"https:\/\/www.esbb.pt\/web\/2020\/03\/12\/esbb_ementa_semanal\/\">Ementa Semanal<\/a><\/li>\n<li id=\"menu-item-1594\" class=\"menu-item menu-item-type-post_type menu-item-object-page menu-item-1594\"><a href=\"https:\/\/www.esbb.pt\/web\/contactos\/\">Contactos<\/a><\/li>\n<li id=\"menu-item-1915\" class=\"menu-item menu-item-type-post_type menu-item-object-post menu-item-1915\"><a href=\"https:\/\/www.esbb.pt\/web\/2018\/03\/12\/jantar-comemorativo-do-40-o-aniversario-da-escola-secundaria-da-baixa-da-banheira\/\">Jantar Comemorativo do 40.\u00ba anivers\u00e1rio da Escola Secund\u00e1ria da Baixa da Banheira<\/a><\/li>\n<\/ul><\/div><\/div><\/div><\/div><\/div><\/div><\/div>","protected":false},"excerpt":{"rendered":"<p>BufeteO conte\u00fado pretendido ser\u00e1 disponibilizado brevemente.Para mais informa\u00e7\u00f5es, contacte-nos. Obrigado. Escola<\/p>\n","protected":false},"author":1,"featured_media":0,"parent":72,"menu_order":0,"comment_status":"closed","ping_status":"closed","template":"","meta":{"footnotes":""},"class_list":["post-78","page","type-page","status-publish"],"_links":{"self":[{"href":"https:\/\/www.esbb.pt\/web\/wp-json\/wp\/v2\/pages\/78","targetHints":{"allow":["GET"]}}],"collection":[{"href":"https:\/\/www.esbb.pt\/web\/wp-json\/wp\/v2\/pages"}],"about":[{"href":"https:\/\/www.esbb.pt\/web\/wp-json\/wp\/v2\/types\/page"}],"author":[{"embeddable":true,"href":"https:\/\/www.esbb.pt\/web\/wp-json\/wp\/v2\/users\/1"}],"replies":[{"embeddable":true,"href":"https:\/\/www.esbb.pt\/web\/wp-json\/wp\/v2\/comments?post=78"}],"version-history":[{"count":7,"href":"https:\/\/www.esbb.pt\/web\/wp-json\/wp\/v2\/pages\/78\/revisions"}],"predecessor-version":[{"id":1403,"href":"https:\/\/www.esbb.pt\/web\/wp-json\/wp\/v2\/pages\/78\/revisions\/1403"}],"up":[{"embeddable":true,"href":"https:\/\/www.esbb.pt\/web\/wp-json\/wp\/v2\/pages\/72"}],"wp:attachment":[{"href":"https:\/\/www.esbb.pt\/web\/wp-json\/wp\/v2\/media?parent=78"}],"curies":[{"name":"wp","href":"https:\/\/api.w.org\/{rel}","templated":true}]}}