{"id":31,"date":"2017-05-12T11:58:15","date_gmt":"2017-05-12T11:58:15","guid":{"rendered":"http:\/\/www.esbb.pt\/web\/?page_id=31"},"modified":"2017-11-08T11:58:16","modified_gmt":"2017-11-08T11:58:16","slug":"comunidade-pagina-menu","status":"publish","type":"page","link":"https:\/\/www.esbb.pt\/web\/comunidade-pagina-menu\/","title":{"rendered":"Comunidade P\u00e1gina Menu"},"content":{"rendered":"<div id=\"pl-31\"  class=\"panel-layout\" ><div id=\"pg-31-0\"  class=\"panel-grid panel-has-style\" ><div class=\"siteorigin-panels-stretch panel-row-style panel-row-style-for-31-0\" data-stretch-type=\"full-stretched\" ><div id=\"pgc-31-0-0\"  class=\"panel-grid-cell\" ><div id=\"panel-31-0-0-0\" class=\"so-panel widget_sow-image panel-first-child panel-last-child\" data-index=\"0\" ><div\n\t\t\t\n\t\t\tclass=\"so-widget-sow-image so-widget-sow-image-default-c4f6304fc136-31\"\n\t\t\t\n\t\t>\n<div class=\"sow-image-container\">\n\t\t<img \n\tsrc=\"https:\/\/www.esbb.pt\/web\/wp-content\/uploads\/2017\/05\/esbb_banner_comunidade_01.jpg\" width=\"1506\" height=\"262\" srcset=\"https:\/\/www.esbb.pt\/web\/wp-content\/uploads\/2017\/05\/esbb_banner_comunidade_01.jpg 1506w, https:\/\/www.esbb.pt\/web\/wp-content\/uploads\/2017\/05\/esbb_banner_comunidade_01-300x52.jpg 300w, https:\/\/www.esbb.pt\/web\/wp-content\/uploads\/2017\/05\/esbb_banner_comunidade_01-768x134.jpg 768w, https:\/\/www.esbb.pt\/web\/wp-content\/uploads\/2017\/05\/esbb_banner_comunidade_01-1024x178.jpg 1024w\" sizes=\"(max-width: 1506px) 100vw, 1506px\" title=\"SONY DSC\" alt=\"\" \t\tclass=\"so-widget-image\"\/>\n\t<\/div>\n\n<\/div><\/div><\/div><\/div><\/div><div id=\"pg-31-1\"  class=\"panel-grid panel-has-style\" ><div class=\"panel-row-style panel-row-style-for-31-1\" ><div id=\"pgc-31-1-0\"  class=\"panel-grid-cell\" ><div id=\"panel-31-1-0-0\" class=\"so-panel widget_sow-editor panel-first-child\" data-index=\"1\" ><div\n\t\t\t\n\t\t\tclass=\"so-widget-sow-editor so-widget-sow-editor-base\"\n\t\t\t\n\t\t>\n<div class=\"siteorigin-widget-tinymce textwidget\">\n\t<h1>Obtenha v\u00e1rias informa\u00e7\u00f5es sobre...<\/h1>\n<\/div>\n<\/div><\/div><div id=\"panel-31-1-0-1\" class=\"so-panel widget_siteorigin-panels-builder panel-last-child\" data-index=\"2\" ><div id=\"pl-w5a02eee5163d9\"  class=\"panel-layout\" ><div id=\"pg-w5a02eee5163d9-0\"  class=\"panel-grid panel-no-style\" ><div id=\"pgc-w5a02eee5163d9-0-0\"  class=\"panel-grid-cell\" ><div id=\"panel-w5a02eee5163d9-0-0-0\" class=\"so-panel widget_sow-editor panel-first-child panel-last-child\" data-index=\"0\" ><div\n\t\t\t\n\t\t\tclass=\"so-widget-sow-editor so-widget-sow-editor-base\"\n\t\t\t\n\t\t>\n<div class=\"siteorigin-widget-tinymce textwidget\">\n\t<h2><a href=\"http:\/\/www.esbb.pt\/web\/alunos-pagina-menu\/exames-2017\/\"><img loading=\"lazy\" decoding=\"async\" class=\"alignnone wp-image-1286\" src=\"http:\/\/www.esbb.pt\/web\/wp-content\/uploads\/2017\/05\/Imagem_Comunidade_01_Tmp.png\" alt=\"\" width=\"480\" height=\"158\" srcset=\"https:\/\/www.esbb.pt\/web\/wp-content\/uploads\/2017\/05\/Imagem_Comunidade_01_Tmp.png 460w, https:\/\/www.esbb.pt\/web\/wp-content\/uploads\/2017\/05\/Imagem_Comunidade_01_Tmp-300x98.png 300w\" sizes=\"auto, (max-width: 480px) 100vw, 480px\" \/><\/a><br \/> <a href=\"http:\/\/www.esbb.pt\/web\/comunidade-pagina-menu\/associacao-de-estudantes\/\">Associa\u00e7\u00e3o de Estudantes<\/a><\/h2>\n<p>\u00a0<\/p>\n<\/div>\n<\/div><\/div><\/div><div id=\"pgc-w5a02eee5163d9-0-1\"  class=\"panel-grid-cell\" ><div id=\"panel-w5a02eee5163d9-0-1-0\" class=\"so-panel widget_sow-editor panel-first-child panel-last-child\" data-index=\"1\" ><div\n\t\t\t\n\t\t\tclass=\"so-widget-sow-editor so-widget-sow-editor-base\"\n\t\t\t\n\t\t>\n<div class=\"siteorigin-widget-tinymce textwidget\">\n\t<h2><a href=\"http:\/\/www.esbb.pt\/web\/comunidade-pagina-menu\/associacao-de-pais\/\"><img loading=\"lazy\" decoding=\"async\" class=\"alignnone size-full wp-image-1287\" src=\"http:\/\/www.esbb.pt\/web\/wp-content\/uploads\/2017\/05\/Imagem_Comunidade_02_Tmp.png\" alt=\"\" width=\"460\" height=\"151\" srcset=\"https:\/\/www.esbb.pt\/web\/wp-content\/uploads\/2017\/05\/Imagem_Comunidade_02_Tmp.png 460w, https:\/\/www.esbb.pt\/web\/wp-content\/uploads\/2017\/05\/Imagem_Comunidade_02_Tmp-300x98.png 300w\" sizes=\"auto, (max-width: 460px) 100vw, 460px\" \/><\/a><br \/>\n<a href=\"http:\/\/www.esbb.pt\/web\/comunidade-pagina-menu\/associacao-de-pais\/\">A. de Pais e Enc. de Educa\u00e7\u00e3o<\/a><\/h2>\n<p>&nbsp;<\/p>\n<\/div>\n<\/div><\/div><\/div><\/div><div id=\"pg-w5a02eee5163d9-1\"  class=\"panel-grid panel-no-style\" ><div id=\"pgc-w5a02eee5163d9-1-0\"  class=\"panel-grid-cell\" ><div id=\"panel-w5a02eee5163d9-1-0-0\" class=\"so-panel widget_sow-editor panel-first-child panel-last-child\" data-index=\"2\" ><div\n\t\t\t\n\t\t\tclass=\"so-widget-sow-editor so-widget-sow-editor-base\"\n\t\t\t\n\t\t>\n<div class=\"siteorigin-widget-tinymce textwidget\">\n\t<h2><a href=\"http:\/\/www.esbb.pt\/web\/comunidade-pagina-menu\/formularios-uteis\/\"><img loading=\"lazy\" decoding=\"async\" class=\"alignnone wp-image-1288\" src=\"http:\/\/www.esbb.pt\/web\/wp-content\/uploads\/2017\/05\/Imagem_Comunidade_03_Tmp.png\" alt=\"\" width=\"480\" height=\"158\" srcset=\"https:\/\/www.esbb.pt\/web\/wp-content\/uploads\/2017\/05\/Imagem_Comunidade_03_Tmp.png 460w, https:\/\/www.esbb.pt\/web\/wp-content\/uploads\/2017\/05\/Imagem_Comunidade_03_Tmp-300x98.png 300w\" sizes=\"auto, (max-width: 480px) 100vw, 480px\" \/><\/a><br \/>\n<a href=\"http:\/\/www.esbb.pt\/web\/comunidade-pagina-menu\/formularios-uteis\/\">Formul\u00e1rios \u00fateis<\/a><\/h2>\n<p>&nbsp;<\/p>\n<\/div>\n<\/div><\/div><\/div><div id=\"pgc-w5a02eee5163d9-1-1\"  class=\"panel-grid-cell\" ><div id=\"panel-w5a02eee5163d9-1-1-0\" class=\"so-panel widget_sow-editor panel-first-child panel-last-child\" data-index=\"3\" ><div\n\t\t\t\n\t\t\tclass=\"so-widget-sow-editor so-widget-sow-editor-base\"\n\t\t\t\n\t\t>\n<div class=\"siteorigin-widget-tinymce textwidget\">\n\t<h2><a href=\"http:\/\/www.esbb.pt\/web\/comunidade-pagina-menu\/protocolos-e-acordos\/\"><img loading=\"lazy\" decoding=\"async\" class=\"alignnone wp-image-1289\" src=\"http:\/\/www.esbb.pt\/web\/wp-content\/uploads\/2017\/05\/Imagem_Comunidade_04_Tmp.png\" alt=\"\" width=\"480\" height=\"158\" srcset=\"https:\/\/www.esbb.pt\/web\/wp-content\/uploads\/2017\/05\/Imagem_Comunidade_04_Tmp.png 460w, https:\/\/www.esbb.pt\/web\/wp-content\/uploads\/2017\/05\/Imagem_Comunidade_04_Tmp-300x98.png 300w\" sizes=\"auto, (max-width: 480px) 100vw, 480px\" \/><\/a><br \/>\n<a href=\"http:\/\/www.esbb.pt\/web\/comunidade-pagina-menu\/protocolos-e-acordos\/\">Protocolos e Acordos<\/a><\/h2>\n<p>&nbsp;<\/p>\n<\/div>\n<\/div><\/div><\/div><\/div><\/div><\/div><\/div><div id=\"pgc-31-1-1\"  class=\"panel-grid-cell\" ><div id=\"panel-31-1-1-0\" class=\"so-panel widget_sow-editor panel-first-child\" data-index=\"3\" ><div class=\"panel-widget-style panel-widget-style-for-31-1-1-0\" ><div\n\t\t\t\n\t\t\tclass=\"so-widget-sow-editor so-widget-sow-editor-base\"\n\t\t\t\n\t\t>\n<div class=\"siteorigin-widget-tinymce textwidget\">\n\t<div style=\"background-color: #46bbff; text-align: center; padding-top: 20px; padding-bottom: 10px;\">\n<div><a href=\"comunidade-pagina-menu\"><span style=\"color: #ffffff;\"><i class=\"fa fa-puzzle-piece fa-3x\"><\/i><\/span><\/a><\/div>\n<div><a href=\"comunidade-pagina-menu\"><span style=\"color: #ffffff; font-size: 22pt;\">Comunidade<\/span><\/a><span style=\"color: #ffffff; font-size: 10pt;\">.<\/span><\/div>\n<\/div><\/div>\n<\/div><\/div><\/div><div id=\"panel-31-1-1-1\" class=\"so-panel widget_nav_menu panel-last-child\" data-index=\"4\" ><div class=\"panel-widget-style panel-widget-style-for-31-1-1-1\" ><div class=\"menu-comunidade-menu-container\"><ul id=\"menu-comunidade-menu\" class=\"menu\"><li id=\"menu-item-708\" class=\"menu-item menu-item-type-post_type menu-item-object-page menu-item-708\"><a href=\"https:\/\/www.esbb.pt\/web\/comunidade-pagina-menu\/associacao-de-estudantes\/\">Associa\u00e7\u00e3o de Estudantes<\/a><\/li>\n<li id=\"menu-item-709\" class=\"menu-item menu-item-type-post_type menu-item-object-page menu-item-709\"><a href=\"https:\/\/www.esbb.pt\/web\/comunidade-pagina-menu\/associacao-de-pais\/\">Associa\u00e7\u00e3o de Pais e Encarregados de Educa\u00e7\u00e3o<\/a><\/li>\n<li id=\"menu-item-711\" class=\"menu-item menu-item-type-post_type menu-item-object-page menu-item-711\"><a href=\"https:\/\/www.esbb.pt\/web\/comunidade-pagina-menu\/formularios-uteis\/\">Formul\u00e1rios \u00fateis<\/a><\/li>\n<li id=\"menu-item-712\" class=\"menu-item menu-item-type-post_type menu-item-object-page menu-item-712\"><a href=\"https:\/\/www.esbb.pt\/web\/comunidade-pagina-menu\/protocolos-e-acordos\/\">Protocolos e Acordos<\/a><\/li>\n<li id=\"menu-item-1284\" class=\"menu-item menu-item-type-custom menu-item-object-custom menu-item-1284\"><a href=\"https:\/\/www.ine.pt\/xportal\/xmain?xpgid=ine_main&#038;xpid=INE\">Estat\u00edsticas<\/a><\/li>\n<\/ul><\/div><\/div><\/div><\/div><\/div><\/div><\/div>","protected":false},"excerpt":{"rendered":"<p>Obtenha v\u00e1rias informa\u00e7\u00f5es sobre&#8230; Comunidade.<\/p>\n","protected":false},"author":1,"featured_media":0,"parent":0,"menu_order":0,"comment_status":"closed","ping_status":"closed","template":"","meta":{"footnotes":""},"class_list":["post-31","page","type-page","status-publish"],"_links":{"self":[{"href":"https:\/\/www.esbb.pt\/web\/wp-json\/wp\/v2\/pages\/31","targetHints":{"allow":["GET"]}}],"collection":[{"href":"https:\/\/www.esbb.pt\/web\/wp-json\/wp\/v2\/pages"}],"about":[{"href":"https:\/\/www.esbb.pt\/web\/wp-json\/wp\/v2\/types\/page"}],"author":[{"embeddable":true,"href":"https:\/\/www.esbb.pt\/web\/wp-json\/wp\/v2\/users\/1"}],"replies":[{"embeddable":true,"href":"https:\/\/www.esbb.pt\/web\/wp-json\/wp\/v2\/comments?post=31"}],"version-history":[{"count":21,"href":"https:\/\/www.esbb.pt\/web\/wp-json\/wp\/v2\/pages\/31\/revisions"}],"predecessor-version":[{"id":1355,"href":"https:\/\/www.esbb.pt\/web\/wp-json\/wp\/v2\/pages\/31\/revisions\/1355"}],"wp:attachment":[{"href":"https:\/\/www.esbb.pt\/web\/wp-json\/wp\/v2\/media?parent=31"}],"curies":[{"name":"wp","href":"https:\/\/api.w.org\/{rel}","templated":true}]}}