{"id":258,"date":"2017-05-17T10:52:50","date_gmt":"2017-05-17T09:52:50","guid":{"rendered":"http:\/\/www.esbb.pt\/web\/?page_id=258"},"modified":"2017-11-08T16:06:53","modified_gmt":"2017-11-08T16:06:53","slug":"links","status":"publish","type":"page","link":"https:\/\/www.esbb.pt\/web\/escola-pagina-menu\/links\/","title":{"rendered":"Links"},"content":{"rendered":"<div id=\"pl-258\"  class=\"panel-layout\" ><div id=\"pg-258-0\"  class=\"panel-grid panel-has-style\" ><div class=\"siteorigin-panels-stretch panel-row-style panel-row-style-for-258-0\" data-stretch-type=\"full-stretched\" ><div id=\"pgc-258-0-0\"  class=\"panel-grid-cell\" ><div id=\"panel-258-0-0-0\" class=\"so-panel widget_sow-image panel-first-child panel-last-child\" data-index=\"0\" ><div\n\t\t\t\n\t\t\tclass=\"so-widget-sow-image so-widget-sow-image-default-c4f6304fc136-258\"\n\t\t\t\n\t\t>\n<div class=\"sow-image-container\">\n\t\t<img \n\tsrc=\"https:\/\/www.esbb.pt\/web\/wp-content\/uploads\/2017\/05\/esbb_banner_escola_02.jpg\" width=\"1506\" height=\"262\" srcset=\"https:\/\/www.esbb.pt\/web\/wp-content\/uploads\/2017\/05\/esbb_banner_escola_02.jpg 1506w, https:\/\/www.esbb.pt\/web\/wp-content\/uploads\/2017\/05\/esbb_banner_escola_02-300x52.jpg 300w, https:\/\/www.esbb.pt\/web\/wp-content\/uploads\/2017\/05\/esbb_banner_escola_02-768x134.jpg 768w, https:\/\/www.esbb.pt\/web\/wp-content\/uploads\/2017\/05\/esbb_banner_escola_02-1024x178.jpg 1024w\" sizes=\"(max-width: 1506px) 100vw, 1506px\" title=\"SONY DSC\" alt=\"\" \t\tclass=\"so-widget-image\"\/>\n\t<\/div>\n\n<\/div><\/div><\/div><\/div><\/div><div id=\"pg-258-1\"  class=\"panel-grid panel-has-style\" ><div class=\"panel-row-style panel-row-style-for-258-1\" ><div id=\"pgc-258-1-0\"  class=\"panel-grid-cell\" ><div id=\"panel-258-1-0-0\" class=\"so-panel widget_sow-editor panel-first-child panel-last-child\" data-index=\"1\" ><div\n\t\t\t\n\t\t\tclass=\"so-widget-sow-editor so-widget-sow-editor-base\"\n\t\t\t\n\t\t>\n<div class=\"siteorigin-widget-tinymce textwidget\">\n\t<h1>Links<\/h1>\n<ul id=\"listesbb\">\n<li><a href=\"http:\/\/www.portugal.gov.pt\/pt\/ministerios\/medu.aspx\">Ministro da Educa\u00e7\u00e3o<\/a><\/li>\n<li><a href=\"http:\/\/www.dge.mec.pt\/\">Dire\u00e7\u00e3o-Geral da Educa\u00e7\u00e3o<\/a><\/li>\n<li><a href=\"http:\/\/www.sec-geral.mec.pt\/\">Secretaria-Geral da Educa\u00e7\u00e3o e Ci\u00eancia (SGEC)<\/a><\/li>\n<li><a href=\"http:\/\/www.dgeste.mec.pt\/\">DGEstE \u2013 Dire\u00e7\u00e3o-Geral dos Estabelecimentos Escolares<\/a><\/li>\n<li><a href=\"https:\/\/www.portaldasescolas.pt\">Portal das Escolas<\/a><\/li>\n<li><a href=\"http:\/\/www.cnedu.pt\/pt\/\">Conselho Nacional da Educa\u00e7\u00e3o<\/a><\/li>\n<li><a href=\"https:\/\/www.dges.gov.pt\/pt\">Dire\u00e7\u00e3o-Geral do Ensino Superior<\/a><\/li>\n<li><a href=\"http:\/\/www.anqep.gov.pt\/default.aspx\">Ag\u00eancia Nacional para a Qualifica\u00e7\u00e3o e o Ensino Profissional<\/a><\/li>\n<li><a href=\"http:\/\/www.dgae.mec.pt\/_main\/\">DGAE \u2013 Dire\u00e7\u00e3o-Geral da Administra\u00e7\u00e3o Escolar<\/a><\/li>\n<li><a href=\"http:\/\/www.ggf.min-edu.pt\/\">Instituto de Gest\u00e3o Financeira da Educa\u00e7\u00e3o<\/a><\/li>\n<\/ul>\n<\/div>\n<\/div><\/div><\/div><div id=\"pgc-258-1-1\"  class=\"panel-grid-cell\" ><div id=\"panel-258-1-1-0\" class=\"so-panel widget_sow-editor panel-first-child\" data-index=\"2\" ><div class=\"panel-widget-style panel-widget-style-for-258-1-1-0\" ><div\n\t\t\t\n\t\t\tclass=\"so-widget-sow-editor so-widget-sow-editor-base\"\n\t\t\t\n\t\t>\n<div class=\"siteorigin-widget-tinymce textwidget\">\n\t<div style=\"background-color: #d23f42; text-align: center; padding-top: 30px; padding-bottom: 30px;\"><span style=\"color: #ffffff;\"><i class=\"fa fa-university fa-2x\"><\/i><\/span>\n<h1><span style=\"color: #ffffff;\">Escola<\/span><\/h1>\n<\/div><\/div>\n<\/div><\/div><\/div><div id=\"panel-258-1-1-1\" class=\"so-panel widget_nav_menu panel-last-child\" data-index=\"3\" ><div class=\"panel-widget-style panel-widget-style-for-258-1-1-1\" ><div class=\"menu-escola-menu-container\"><ul id=\"menu-escola-menu\" class=\"menu\"><li id=\"menu-item-1045\" class=\"menu-item menu-item-type-custom menu-item-object-custom menu-item-has-children menu-item-1045\"><a>A\u00e7\u00e3o Social Escolar<\/a>\n<ul class=\"sub-menu\">\n\t<li id=\"menu-item-717\" class=\"menu-item menu-item-type-post_type menu-item-object-page menu-item-717\"><a href=\"https:\/\/www.esbb.pt\/web\/escola-pagina-menu\/acao-social-escolar\/auxilios-economicos\/\">Aux\u00edlios Econ\u00f3micos<\/a><\/li>\n\t<li id=\"menu-item-718\" class=\"menu-item menu-item-type-post_type menu-item-object-page menu-item-718\"><a href=\"https:\/\/www.esbb.pt\/web\/escola-pagina-menu\/acao-social-escolar\/bufete\/\">Bufete<\/a><\/li>\n\t<li id=\"menu-item-719\" class=\"menu-item menu-item-type-post_type menu-item-object-page menu-item-719\"><a href=\"https:\/\/www.esbb.pt\/web\/escola-pagina-menu\/acao-social-escolar\/papelaria\/\">Papelaria<\/a><\/li>\n\t<li id=\"menu-item-720\" class=\"menu-item menu-item-type-post_type menu-item-object-page menu-item-720\"><a href=\"https:\/\/www.esbb.pt\/web\/escola-pagina-menu\/acao-social-escolar\/refeitorio\/\">Refeit\u00f3rio<\/a><\/li>\n\t<li id=\"menu-item-721\" class=\"menu-item menu-item-type-post_type menu-item-object-page menu-item-721\"><a href=\"https:\/\/www.esbb.pt\/web\/escola-pagina-menu\/acao-social-escolar\/seguro-escolar\/\">Seguro Escolar<\/a><\/li>\n\t<li id=\"menu-item-722\" class=\"menu-item menu-item-type-post_type menu-item-object-page menu-item-722\"><a href=\"https:\/\/www.esbb.pt\/web\/escola-pagina-menu\/acao-social-escolar\/transportes-escolares\/\">Transportes Escolares<\/a><\/li>\n<\/ul>\n<\/li>\n<li id=\"menu-item-1052\" class=\"menu-item menu-item-type-custom menu-item-object-custom menu-item-has-children menu-item-1052\"><a>Servi\u00e7os<\/a>\n<ul class=\"sub-menu\">\n\t<li id=\"menu-item-737\" class=\"menu-item menu-item-type-post_type menu-item-object-page menu-item-737\"><a href=\"https:\/\/www.esbb.pt\/web\/escola-pagina-menu\/servicos\/cdibiblioteca\/\">CDI\/Biblioteca<\/a><\/li>\n\t<li id=\"menu-item-738\" class=\"menu-item menu-item-type-post_type menu-item-object-page menu-item-738\"><a href=\"https:\/\/www.esbb.pt\/web\/escola-pagina-menu\/servicos\/reprografia\/\">Reprografia<\/a><\/li>\n\t<li id=\"menu-item-739\" class=\"menu-item menu-item-type-post_type menu-item-object-page menu-item-739\"><a href=\"https:\/\/www.esbb.pt\/web\/escola-pagina-menu\/servicos\/secretaria\/\">Secretaria<\/a><\/li>\n<\/ul>\n<\/li>\n<li id=\"menu-item-723\" class=\"menu-item menu-item-type-post_type menu-item-object-page menu-item-723\"><a href=\"https:\/\/www.esbb.pt\/web\/escola-pagina-menu\/clube-da-ciencia\/\">Clube da Ci\u00eancia<\/a><\/li>\n<li id=\"menu-item-1246\" class=\"menu-item menu-item-type-post_type menu-item-object-page menu-item-1246\"><a href=\"https:\/\/www.esbb.pt\/web\/escola-pagina-menu\/documentos-gerais\/\">Documentos Gerais<\/a><\/li>\n<li id=\"menu-item-725\" class=\"menu-item menu-item-type-post_type menu-item-object-page menu-item-725\"><a href=\"https:\/\/www.esbb.pt\/web\/escola-pagina-menu\/links\/\">Links<\/a><\/li>\n<li id=\"menu-item-1563\" class=\"menu-item menu-item-type-custom menu-item-object-custom menu-item-1563\"><a href=\"http:\/\/www.esbb.pt\/modules\/tinycontent\/pdf\/ESBB_Atendimento_Qualifica.pdf\">Centro Qualifica<\/a><\/li>\n<li id=\"menu-item-1640\" class=\"menu-item menu-item-type-post_type menu-item-object-post menu-item-1640\"><a href=\"https:\/\/www.esbb.pt\/web\/2020\/03\/12\/esbb_ementa_semanal\/\">Ementa Semanal<\/a><\/li>\n<li id=\"menu-item-1594\" class=\"menu-item menu-item-type-post_type menu-item-object-page menu-item-1594\"><a href=\"https:\/\/www.esbb.pt\/web\/contactos\/\">Contactos<\/a><\/li>\n<li id=\"menu-item-1915\" class=\"menu-item menu-item-type-post_type menu-item-object-post menu-item-1915\"><a href=\"https:\/\/www.esbb.pt\/web\/2018\/03\/12\/jantar-comemorativo-do-40-o-aniversario-da-escola-secundaria-da-baixa-da-banheira\/\">Jantar Comemorativo do 40.\u00ba anivers\u00e1rio da Escola Secund\u00e1ria da Baixa da Banheira<\/a><\/li>\n<\/ul><\/div><\/div><\/div><\/div><\/div><\/div><\/div>","protected":false},"excerpt":{"rendered":"<p>Links Ministro da Educa\u00e7\u00e3o Dire\u00e7\u00e3o-Geral da Educa\u00e7\u00e3o Secretaria-Geral da Educa\u00e7\u00e3o e Ci\u00eancia (SGEC) DGEstE \u2013 Dire\u00e7\u00e3o-Geral dos Estabelecimentos Escolares Portal das Escolas Conselho Nacional da Educa\u00e7\u00e3o Dire\u00e7\u00e3o-Geral do Ensino Superior Ag\u00eancia Nacional para a Qualifica\u00e7\u00e3o e o Ensino Profissional DGAE \u2013 Dire\u00e7\u00e3o-Geral da Administra\u00e7\u00e3o Escolar Instituto de Gest\u00e3o Financeira da Educa\u00e7\u00e3o Escola<\/p>\n","protected":false},"author":1,"featured_media":0,"parent":29,"menu_order":0,"comment_status":"closed","ping_status":"closed","template":"","meta":{"footnotes":""},"class_list":["post-258","page","type-page","status-publish"],"_links":{"self":[{"href":"https:\/\/www.esbb.pt\/web\/wp-json\/wp\/v2\/pages\/258","targetHints":{"allow":["GET"]}}],"collection":[{"href":"https:\/\/www.esbb.pt\/web\/wp-json\/wp\/v2\/pages"}],"about":[{"href":"https:\/\/www.esbb.pt\/web\/wp-json\/wp\/v2\/types\/page"}],"author":[{"embeddable":true,"href":"https:\/\/www.esbb.pt\/web\/wp-json\/wp\/v2\/users\/1"}],"replies":[{"embeddable":true,"href":"https:\/\/www.esbb.pt\/web\/wp-json\/wp\/v2\/comments?post=258"}],"version-history":[{"count":19,"href":"https:\/\/www.esbb.pt\/web\/wp-json\/wp\/v2\/pages\/258\/revisions"}],"predecessor-version":[{"id":1394,"href":"https:\/\/www.esbb.pt\/web\/wp-json\/wp\/v2\/pages\/258\/revisions\/1394"}],"up":[{"embeddable":true,"href":"https:\/\/www.esbb.pt\/web\/wp-json\/wp\/v2\/pages\/29"}],"wp:attachment":[{"href":"https:\/\/www.esbb.pt\/web\/wp-json\/wp\/v2\/media?parent=258"}],"curies":[{"name":"wp","href":"https:\/\/api.w.org\/{rel}","templated":true}]}}