{"id":178,"date":"2017-05-12T13:07:40","date_gmt":"2017-05-12T12:07:40","guid":{"rendered":"http:\/\/www.esbb.pt\/web\/?page_id=178"},"modified":"2017-11-08T16:00:09","modified_gmt":"2017-11-08T16:00:09","slug":"protocolos-e-acordos","status":"publish","type":"page","link":"https:\/\/www.esbb.pt\/web\/comunidade-pagina-menu\/protocolos-e-acordos\/","title":{"rendered":"Protocolos e Acordos"},"content":{"rendered":"<div id=\"pl-178\"  class=\"panel-layout\" ><div id=\"pg-178-0\"  class=\"panel-grid panel-has-style\" ><div class=\"siteorigin-panels-stretch panel-row-style panel-row-style-for-178-0\" data-stretch-type=\"full-stretched\" ><div id=\"pgc-178-0-0\"  class=\"panel-grid-cell\" ><div id=\"panel-178-0-0-0\" class=\"so-panel widget_sow-image panel-first-child panel-last-child\" data-index=\"0\" ><div\n\t\t\t\n\t\t\tclass=\"so-widget-sow-image so-widget-sow-image-default-c4f6304fc136-178\"\n\t\t\t\n\t\t>\n<div class=\"sow-image-container\">\n\t\t<img \n\tsrc=\"https:\/\/www.esbb.pt\/web\/wp-content\/uploads\/2017\/05\/esbb_banner_comunidade_05.jpg\" width=\"1506\" height=\"262\" srcset=\"https:\/\/www.esbb.pt\/web\/wp-content\/uploads\/2017\/05\/esbb_banner_comunidade_05.jpg 1506w, https:\/\/www.esbb.pt\/web\/wp-content\/uploads\/2017\/05\/esbb_banner_comunidade_05-300x52.jpg 300w, https:\/\/www.esbb.pt\/web\/wp-content\/uploads\/2017\/05\/esbb_banner_comunidade_05-768x134.jpg 768w, https:\/\/www.esbb.pt\/web\/wp-content\/uploads\/2017\/05\/esbb_banner_comunidade_05-1024x178.jpg 1024w\" sizes=\"(max-width: 1506px) 100vw, 1506px\" title=\"SONY DSC\" alt=\"\" \t\tclass=\"so-widget-image\"\/>\n\t<\/div>\n\n<\/div><\/div><\/div><\/div><\/div><div id=\"pg-178-1\"  class=\"panel-grid panel-has-style\" ><div class=\"panel-row-style panel-row-style-for-178-1\" ><div id=\"pgc-178-1-0\"  class=\"panel-grid-cell\" ><div id=\"panel-178-1-0-0\" class=\"so-panel widget_sow-editor panel-first-child panel-last-child\" data-index=\"1\" ><div\n\t\t\t\n\t\t\tclass=\"so-widget-sow-editor so-widget-sow-editor-base\"\n\t\t\t\n\t\t>\n<div class=\"siteorigin-widget-tinymce textwidget\">\n\t<h1>Protocolos e Acordos<\/h1>\n<ul id=\"listesbb\">\n<li>CRIVA promotor atrav\u00e9s do Programa ESCOLHAS VA2835 E6G<\/li>\n<li>Associa\u00e7\u00e3o dos Imigrantes Guineenses Amigos Sul do Tejo (AIGAST)<\/li>\n<li>Centro Comunit\u00e1rio de Coina (Palhais e Coina) CATICA<\/li>\n<li>Associa\u00e7\u00e3o de Pais e t\u00e9cnicos para a integra\u00e7\u00e3o do deficiente (N\u00d3S)<\/li>\n<li>Centro Hospitalar do Barreiro Montijo(CHBM)<\/li>\n<li>Associa\u00e7\u00e3o de Comercio, Industria e Servi\u00e7os do Barreiro e Moita (ACISBM)<\/li>\n<li>Instituto Polit\u00e9cnico de Set\u00fabal (IPS)<\/li>\n<li>Empres\u00e1rios para a Inclus\u00e3o (EPIS)<\/li>\n<li>Instituto de Apoio \u00e0 Crian\u00e7a(IAC)<\/li>\n<li>Rede de Empregabilidade Barreiro Moita (REBM)<\/li>\n<li>Rede Local Garantia Jovem do IEFP<\/li>\n<li>Centro de Forma\u00e7\u00e3o de Agrupamentos de Escolas Barreiro Moita<\/li>\n<li>RUMO<\/li>\n<li>Universidade de Lisboa<\/li>\n<li>Escola B\u00e1sica Mendon\u00e7a Furtado<\/li>\n<li>Escola Profissional da Moita (ETPM)\u00a0<\/li>\n<\/ul>\n<\/div>\n<\/div><\/div><\/div><div id=\"pgc-178-1-1\"  class=\"panel-grid-cell\" ><div id=\"panel-178-1-1-0\" class=\"so-panel widget_sow-editor panel-first-child\" data-index=\"2\" ><div class=\"panel-widget-style panel-widget-style-for-178-1-1-0\" ><div\n\t\t\t\n\t\t\tclass=\"so-widget-sow-editor so-widget-sow-editor-base\"\n\t\t\t\n\t\t>\n<div class=\"siteorigin-widget-tinymce textwidget\">\n\t<div style=\"background-color: #46bbff; text-align: center; padding-top: 20px; padding-bottom: 10px;\">\n<div><a href=\"comunidade-pagina-menu\"><span style=\"color: #ffffff;\"><i class=\"fa fa-puzzle-piece fa-3x\"><\/i><\/span><\/a><\/div>\n<div><a href=\"comunidade-pagina-menu\"><span style=\"color: #ffffff; font-size: 22pt;\">Comunidade<\/span><\/a><\/div>\n<\/div>\n<\/div>\n<\/div><\/div><\/div><div id=\"panel-178-1-1-1\" class=\"so-panel widget_nav_menu panel-last-child\" data-index=\"3\" ><div class=\"panel-widget-style panel-widget-style-for-178-1-1-1\" ><div class=\"menu-comunidade-menu-container\"><ul id=\"menu-comunidade-menu\" class=\"menu\"><li id=\"menu-item-708\" class=\"menu-item menu-item-type-post_type menu-item-object-page menu-item-708\"><a href=\"https:\/\/www.esbb.pt\/web\/comunidade-pagina-menu\/associacao-de-estudantes\/\">Associa\u00e7\u00e3o de Estudantes<\/a><\/li>\n<li id=\"menu-item-709\" class=\"menu-item menu-item-type-post_type menu-item-object-page menu-item-709\"><a href=\"https:\/\/www.esbb.pt\/web\/comunidade-pagina-menu\/associacao-de-pais\/\">Associa\u00e7\u00e3o de Pais e Encarregados de Educa\u00e7\u00e3o<\/a><\/li>\n<li id=\"menu-item-711\" class=\"menu-item menu-item-type-post_type menu-item-object-page menu-item-711\"><a href=\"https:\/\/www.esbb.pt\/web\/comunidade-pagina-menu\/formularios-uteis\/\">Formul\u00e1rios \u00fateis<\/a><\/li>\n<li id=\"menu-item-712\" class=\"menu-item menu-item-type-post_type menu-item-object-page menu-item-712\"><a href=\"https:\/\/www.esbb.pt\/web\/comunidade-pagina-menu\/protocolos-e-acordos\/\">Protocolos e Acordos<\/a><\/li>\n<li id=\"menu-item-1284\" class=\"menu-item menu-item-type-custom menu-item-object-custom menu-item-1284\"><a href=\"https:\/\/www.ine.pt\/xportal\/xmain?xpgid=ine_main&#038;xpid=INE\">Estat\u00edsticas<\/a><\/li>\n<\/ul><\/div><\/div><\/div><\/div><\/div><\/div><\/div>","protected":false},"excerpt":{"rendered":"<p>Protocolos e Acordos CRIVA promotor atrav\u00e9s do Programa ESCOLHAS VA2835 E6G Associa\u00e7\u00e3o dos Imigrantes Guineenses Amigos Sul do Tejo (AIGAST) Centro Comunit\u00e1rio de Coina (Palhais e Coina) CATICA Associa\u00e7\u00e3o de Pais e t\u00e9cnicos para a integra\u00e7\u00e3o do deficiente (N\u00d3S) Centro Hospitalar do Barreiro Montijo(CHBM) Associa\u00e7\u00e3o de Comercio, Industria e Servi\u00e7os do Barreiro e Moita (ACISBM) &#8230; <a title=\"Protocolos e Acordos\" class=\"read-more\" href=\"https:\/\/www.esbb.pt\/web\/comunidade-pagina-menu\/protocolos-e-acordos\/\" aria-label=\"Leia mais sobre Protocolos e Acordos\">Ler mais<\/a><\/p>\n","protected":false},"author":1,"featured_media":0,"parent":31,"menu_order":0,"comment_status":"closed","ping_status":"closed","template":"","meta":{"footnotes":""},"class_list":["post-178","page","type-page","status-publish"],"_links":{"self":[{"href":"https:\/\/www.esbb.pt\/web\/wp-json\/wp\/v2\/pages\/178","targetHints":{"allow":["GET"]}}],"collection":[{"href":"https:\/\/www.esbb.pt\/web\/wp-json\/wp\/v2\/pages"}],"about":[{"href":"https:\/\/www.esbb.pt\/web\/wp-json\/wp\/v2\/types\/page"}],"author":[{"embeddable":true,"href":"https:\/\/www.esbb.pt\/web\/wp-json\/wp\/v2\/users\/1"}],"replies":[{"embeddable":true,"href":"https:\/\/www.esbb.pt\/web\/wp-json\/wp\/v2\/comments?post=178"}],"version-history":[{"count":11,"href":"https:\/\/www.esbb.pt\/web\/wp-json\/wp\/v2\/pages\/178\/revisions"}],"predecessor-version":[{"id":1385,"href":"https:\/\/www.esbb.pt\/web\/wp-json\/wp\/v2\/pages\/178\/revisions\/1385"}],"up":[{"embeddable":true,"href":"https:\/\/www.esbb.pt\/web\/wp-json\/wp\/v2\/pages\/31"}],"wp:attachment":[{"href":"https:\/\/www.esbb.pt\/web\/wp-json\/wp\/v2\/media?parent=178"}],"curies":[{"name":"wp","href":"https:\/\/api.w.org\/{rel}","templated":true}]}}