{"id":174,"date":"2017-05-12T13:07:06","date_gmt":"2017-05-12T13:07:06","guid":{"rendered":"http:\/\/www.esbb.pt\/web\/?page_id=174"},"modified":"2017-11-20T12:58:07","modified_gmt":"2017-11-20T12:58:07","slug":"formularios-uteis","status":"publish","type":"page","link":"https:\/\/www.esbb.pt\/web\/comunidade-pagina-menu\/formularios-uteis\/","title":{"rendered":"Formul\u00e1rios \u00fateis"},"content":{"rendered":"<div id=\"pl-174\"  class=\"panel-layout\" ><div id=\"pg-174-0\"  class=\"panel-grid panel-has-style\" ><div class=\"siteorigin-panels-stretch panel-row-style panel-row-style-for-174-0\" data-stretch-type=\"full-stretched\" ><div id=\"pgc-174-0-0\"  class=\"panel-grid-cell\" ><div id=\"panel-174-0-0-0\" class=\"so-panel widget_sow-image panel-first-child panel-last-child\" data-index=\"0\" ><div\n\t\t\t\n\t\t\tclass=\"so-widget-sow-image so-widget-sow-image-default-c4f6304fc136-174\"\n\t\t\t\n\t\t>\n<div class=\"sow-image-container\">\n\t\t<img \n\tsrc=\"https:\/\/www.esbb.pt\/web\/wp-content\/uploads\/2017\/05\/esbb_banner_comunidade_04.jpg\" width=\"1506\" height=\"262\" srcset=\"https:\/\/www.esbb.pt\/web\/wp-content\/uploads\/2017\/05\/esbb_banner_comunidade_04.jpg 1506w, https:\/\/www.esbb.pt\/web\/wp-content\/uploads\/2017\/05\/esbb_banner_comunidade_04-300x52.jpg 300w, https:\/\/www.esbb.pt\/web\/wp-content\/uploads\/2017\/05\/esbb_banner_comunidade_04-768x134.jpg 768w, https:\/\/www.esbb.pt\/web\/wp-content\/uploads\/2017\/05\/esbb_banner_comunidade_04-1024x178.jpg 1024w\" sizes=\"(max-width: 1506px) 100vw, 1506px\" title=\"SONY DSC\" alt=\"\" \t\tclass=\"so-widget-image\"\/>\n\t<\/div>\n\n<\/div><\/div><\/div><\/div><\/div><div id=\"pg-174-1\"  class=\"panel-grid panel-has-style\" ><div class=\"panel-row-style panel-row-style-for-174-1\" ><div id=\"pgc-174-1-0\"  class=\"panel-grid-cell\" ><div id=\"panel-174-1-0-0\" class=\"so-panel widget_sow-editor panel-first-child panel-last-child\" data-index=\"1\" ><div\n\t\t\t\n\t\t\tclass=\"so-widget-sow-editor so-widget-sow-editor-base\"\n\t\t\t\n\t\t>\n<div class=\"siteorigin-widget-tinymce textwidget\">\n\t<h1>Formul\u00e1rios \u00fateis<\/h1>\n<ul id=\"listesbb\">\n<li><a href=\"http:\/\/www.esbb.pt\/web\/wp-content\/uploads\/2017\/05\/Mod1_ESBB_Requerimento_para_anulacao_de_matricula.pdf\" target=\"_blank\" rel=\"noopener\">Mod n\u00ba1 - ESBB \u00abRequerimento para anula\u00e7\u00e3o de matr\u00edcula\u00bb<\/a><\/li>\n<li><a href=\"http:\/\/esbb.pt\/modules\/tinycontent\/pdf\/Mod n2_ESBB_Ficha_InscricaoCursoExtraEscolar.pdf\" target=\"_blank\" rel=\"noopener\" data-wplink-url-error=\"true\">Mod n\u00ba2 - ESBB \u00abFicha de Inscri\u00e7\u00e3o em Curso Extra Escolar \u00bb<\/a><\/li>\n<li><a href=\"http:\/\/www.esbb.pt\/web\/wp-content\/uploads\/2017\/05\/Modelo_de_impresso_para_pedir_assistencia-_as_aulas.pdf\" target=\"_blank\" rel=\"noopener\">Mod n\u00ba3 - ESBB \u00abPedido de assist\u00eancia a aulas\u00bb<\/a><\/li>\n<li><a href=\"http:\/\/esbb.pt\/modules\/tinycontent\/pdf\/Equivalencias_estrangeiras_EnsinoBasico_Secundario.pdf\" target=\"_blank\" rel=\"noopener\">Mod n\u00ba4 - ESBB \u00abEquival\u00eancias Estrangeiras dos Ensinos B\u00e1sico e Secund\u00e1rio\u00bb<\/a><\/li>\n<li><a href=\"http:\/\/esbb.pt\/modules\/tinycontent\/pdf\/Mod N05_ESBB_Formacao_em_Lingua_Portuguesa_para_Estrangeiros.pdf\" target=\"_blank\" rel=\"noopener\">Mod n\u00ba5 - ESBB \u00abForma\u00e7\u00e3o em L\u00edngua Portuguesa para Estrangeiros\u00bb<\/a><\/li>\n<li><a href=\"http:\/\/www.esbb.pt\/web\/wp-content\/uploads\/2017\/05\/Mod6_ESBB_Pedido_alteracao_servico_exames.pdf\" target=\"_blank\" rel=\"noopener\">Mod n\u00ba6 - ESBB \u00abPedido de altera\u00e7\u00e3o de servi\u00e7o de exames\u00bb<\/a><\/li>\n<li><a href=\"http:\/\/esbb.pt\/modules\/tinycontent\/pdf\/Mod7_ESBB_Pedido_de_bolsa_de_merito.pdf\" target=\"_blank\" rel=\"noopener\">Mod n\u00ba7 - ESBB \u00abPedido de bolsa de m\u00e9rito\u00bb<\/a><\/li>\n<\/ul>\n<\/div>\n<\/div><\/div><\/div><div id=\"pgc-174-1-1\"  class=\"panel-grid-cell\" ><div id=\"panel-174-1-1-0\" class=\"so-panel widget_sow-editor panel-first-child\" data-index=\"2\" ><div class=\"panel-widget-style panel-widget-style-for-174-1-1-0\" ><div\n\t\t\t\n\t\t\tclass=\"so-widget-sow-editor so-widget-sow-editor-base\"\n\t\t\t\n\t\t>\n<div class=\"siteorigin-widget-tinymce textwidget\">\n\t<div style=\"background-color: #46bbff; text-align: center; padding-top: 20px; padding-bottom: 10px;\">\n<div><a href=\"comunidade-pagina-menu\"><span style=\"color: #ffffff;\"><i class=\"fa fa-puzzle-piece fa-3x\"><\/i><\/span><\/a><\/div>\n<div><a href=\"comunidade-pagina-menu\"><span style=\"color: #ffffff; font-size: 22pt;\">Comunidade<\/span><\/a><\/div>\n<\/div>\n<\/div>\n<\/div><\/div><\/div><div id=\"panel-174-1-1-1\" class=\"so-panel widget_nav_menu panel-last-child\" data-index=\"3\" ><div class=\"panel-widget-style panel-widget-style-for-174-1-1-1\" ><div class=\"menu-comunidade-menu-container\"><ul id=\"menu-comunidade-menu\" class=\"menu\"><li id=\"menu-item-708\" class=\"menu-item menu-item-type-post_type menu-item-object-page menu-item-708\"><a href=\"https:\/\/www.esbb.pt\/web\/comunidade-pagina-menu\/associacao-de-estudantes\/\">Associa\u00e7\u00e3o de Estudantes<\/a><\/li>\n<li id=\"menu-item-709\" class=\"menu-item menu-item-type-post_type menu-item-object-page menu-item-709\"><a href=\"https:\/\/www.esbb.pt\/web\/comunidade-pagina-menu\/associacao-de-pais\/\">Associa\u00e7\u00e3o de Pais e Encarregados de Educa\u00e7\u00e3o<\/a><\/li>\n<li id=\"menu-item-711\" class=\"menu-item menu-item-type-post_type menu-item-object-page menu-item-711\"><a href=\"https:\/\/www.esbb.pt\/web\/comunidade-pagina-menu\/formularios-uteis\/\">Formul\u00e1rios \u00fateis<\/a><\/li>\n<li id=\"menu-item-712\" class=\"menu-item menu-item-type-post_type menu-item-object-page menu-item-712\"><a href=\"https:\/\/www.esbb.pt\/web\/comunidade-pagina-menu\/protocolos-e-acordos\/\">Protocolos e Acordos<\/a><\/li>\n<li id=\"menu-item-1284\" class=\"menu-item menu-item-type-custom menu-item-object-custom menu-item-1284\"><a href=\"https:\/\/www.ine.pt\/xportal\/xmain?xpgid=ine_main&#038;xpid=INE\">Estat\u00edsticas<\/a><\/li>\n<\/ul><\/div><\/div><\/div><\/div><\/div><\/div><\/div>","protected":false},"excerpt":{"rendered":"<p>Formul\u00e1rios \u00fateis Mod n\u00ba1 &#8211; ESBB \u00abRequerimento para anula\u00e7\u00e3o de matr\u00edcula\u00bb Mod n\u00ba2 &#8211; ESBB \u00abFicha de Inscri\u00e7\u00e3o em Curso Extra Escolar \u00bb Mod n\u00ba3 &#8211; ESBB \u00abPedido de assist\u00eancia a aulas\u00bb Mod n\u00ba4 &#8211; ESBB \u00abEquival\u00eancias Estrangeiras dos Ensinos B\u00e1sico e Secund\u00e1rio\u00bb Mod n\u00ba5 &#8211; ESBB \u00abForma\u00e7\u00e3o em L\u00edngua Portuguesa para Estrangeiros\u00bb Mod n\u00ba6 &#8230; <a title=\"Formul\u00e1rios \u00fateis\" class=\"read-more\" href=\"https:\/\/www.esbb.pt\/web\/comunidade-pagina-menu\/formularios-uteis\/\" aria-label=\"Leia mais sobre Formul\u00e1rios \u00fateis\">Ler mais<\/a><\/p>\n","protected":false},"author":1,"featured_media":0,"parent":31,"menu_order":0,"comment_status":"closed","ping_status":"closed","template":"","meta":{"footnotes":""},"class_list":["post-174","page","type-page","status-publish"],"_links":{"self":[{"href":"https:\/\/www.esbb.pt\/web\/wp-json\/wp\/v2\/pages\/174","targetHints":{"allow":["GET"]}}],"collection":[{"href":"https:\/\/www.esbb.pt\/web\/wp-json\/wp\/v2\/pages"}],"about":[{"href":"https:\/\/www.esbb.pt\/web\/wp-json\/wp\/v2\/types\/page"}],"author":[{"embeddable":true,"href":"https:\/\/www.esbb.pt\/web\/wp-json\/wp\/v2\/users\/1"}],"replies":[{"embeddable":true,"href":"https:\/\/www.esbb.pt\/web\/wp-json\/wp\/v2\/comments?post=174"}],"version-history":[{"count":12,"href":"https:\/\/www.esbb.pt\/web\/wp-json\/wp\/v2\/pages\/174\/revisions"}],"predecessor-version":[{"id":1664,"href":"https:\/\/www.esbb.pt\/web\/wp-json\/wp\/v2\/pages\/174\/revisions\/1664"}],"up":[{"embeddable":true,"href":"https:\/\/www.esbb.pt\/web\/wp-json\/wp\/v2\/pages\/31"}],"wp:attachment":[{"href":"https:\/\/www.esbb.pt\/web\/wp-json\/wp\/v2\/media?parent=174"}],"curies":[{"name":"wp","href":"https:\/\/api.w.org\/{rel}","templated":true}]}}