{"id":172,"date":"2017-05-12T13:06:47","date_gmt":"2017-05-12T13:06:47","guid":{"rendered":"http:\/\/www.esbb.pt\/web\/?page_id=172"},"modified":"2017-11-08T15:36:34","modified_gmt":"2017-11-08T15:36:34","slug":"associacao-de-pais","status":"publish","type":"page","link":"https:\/\/www.esbb.pt\/web\/comunidade-pagina-menu\/associacao-de-pais\/","title":{"rendered":"Associa\u00e7\u00e3o de Pais e Encarregados de Educa\u00e7\u00e3o"},"content":{"rendered":"<div id=\"pl-172\"  class=\"panel-layout\" ><div id=\"pg-172-0\"  class=\"panel-grid panel-has-style\" ><div class=\"siteorigin-panels-stretch panel-row-style panel-row-style-for-172-0\" data-stretch-type=\"full-stretched\" ><div id=\"pgc-172-0-0\"  class=\"panel-grid-cell\" ><div id=\"panel-172-0-0-0\" class=\"so-panel widget_sow-image panel-first-child panel-last-child\" data-index=\"0\" ><div\n\t\t\t\n\t\t\tclass=\"so-widget-sow-image so-widget-sow-image-default-c4f6304fc136-172\"\n\t\t\t\n\t\t>\n<div class=\"sow-image-container\">\n\t\t<img \n\tsrc=\"https:\/\/www.esbb.pt\/web\/wp-content\/uploads\/2017\/05\/esbb_banner_comunidade_03.jpg\" width=\"1506\" height=\"262\" srcset=\"https:\/\/www.esbb.pt\/web\/wp-content\/uploads\/2017\/05\/esbb_banner_comunidade_03.jpg 1506w, https:\/\/www.esbb.pt\/web\/wp-content\/uploads\/2017\/05\/esbb_banner_comunidade_03-300x52.jpg 300w, https:\/\/www.esbb.pt\/web\/wp-content\/uploads\/2017\/05\/esbb_banner_comunidade_03-768x134.jpg 768w, https:\/\/www.esbb.pt\/web\/wp-content\/uploads\/2017\/05\/esbb_banner_comunidade_03-1024x178.jpg 1024w\" sizes=\"(max-width: 1506px) 100vw, 1506px\" title=\"SONY DSC\" alt=\"\" \t\tclass=\"so-widget-image\"\/>\n\t<\/div>\n\n<\/div><\/div><\/div><\/div><\/div><div id=\"pg-172-1\"  class=\"panel-grid panel-has-style\" ><div class=\"panel-row-style panel-row-style-for-172-1\" ><div id=\"pgc-172-1-0\"  class=\"panel-grid-cell\" ><div id=\"panel-172-1-0-0\" class=\"so-panel widget_sow-editor panel-first-child panel-last-child\" data-index=\"1\" ><div\n\t\t\t\n\t\t\tclass=\"so-widget-sow-editor so-widget-sow-editor-base\"\n\t\t\t\n\t\t>\n<div class=\"siteorigin-widget-tinymce textwidget\">\n\t<h1>Associa\u00e7\u00e3o de Pais e Encarregados de Educa\u00e7\u00e3o<\/h1>\n<h2><b>15854 - DI\u00c1RIO DA REP\u00daBLICA - III S\u00c9RIE N.\u00ba 209 - 9-9-1988<\/b><\/h2>\n<div>\n<blockquote><p><strong><span class=\"nomedisciplina\">ASSOCIA\u00c7\u00c3O DE PAIS E ENCARREGADOS DE EDUCA\u00c7\u00c3ODA ESCOLA SECUND\u00c1RIA DA BAIXA DA BANHEIRA<\/span><\/strong><\/p>\n<p>Certifico que, por escritura de 5 de Julho deste ano, lavrada a fls. 15 e seguintes do livro de notas n.\u00ba 4-B do Cart\u00f3rio Notarial da Baixa da Banheira, a cargo do not\u00e1rio Dr. Jo\u00e3o Farinha Alves, foi constitu\u00edda a associa\u00e7\u00e3o com a denomina\u00e7\u00e3o Associa\u00e7\u00e3o de Pais e Encarregados de Educa\u00e7\u00e3o da Escola Secund\u00e1ria da Baixa da Banheira, com sede na Escola Secund\u00e1ria da Baixa da Banheira, freguesia e concelho da Moita, que tem por fins agrupar os pais e encarregados de educa\u00e7\u00e3o dos alunos da Escola Secund\u00e1ria da Baixa da Banheira, com vista \u00e0 participa\u00e7\u00e3o na gest\u00e3o democr\u00e1tica do ensino definida pela Constitui\u00e7\u00e3o da Rep\u00fablica e leis regulamentares.<\/p>\n<p>Est\u00e1 conforme.<\/p>\n<p>Cart\u00f3rio Notarial da Baixa da Banheira, 11 de Julho de 1988. - O Ajudante, (Assinatura ileg\u00edvel.)<\/p>\n<div align=\"right\">1-0-21 004<\/div>\n<\/blockquote>\n<\/div>\n<p><b>Nos ficheiros poder\u00e1 encontrar:<\/b><\/p>\n<ul>\n<li><a href=\"http:\/\/www.esbb.pt\/web\/wp-content\/uploads\/2017\/05\/Estatutos_APED.pdf\" target=\"_blank\" rel=\"noopener noreferrer\">Estatutos - ASSOCIA\u00c7\u00c3O DE PAIS E ENCARREGADOS DE EDUCA\u00c7\u00c3O<\/a><\/li>\n<\/ul>\n<\/div>\n<\/div><\/div><\/div><div id=\"pgc-172-1-1\"  class=\"panel-grid-cell\" ><div id=\"panel-172-1-1-0\" class=\"so-panel widget_sow-editor panel-first-child\" data-index=\"2\" ><div class=\"panel-widget-style panel-widget-style-for-172-1-1-0\" ><div\n\t\t\t\n\t\t\tclass=\"so-widget-sow-editor so-widget-sow-editor-base\"\n\t\t\t\n\t\t>\n<div class=\"siteorigin-widget-tinymce textwidget\">\n\t<div style=\"background-color: #46bbff; text-align: center; padding-top: 20px; padding-bottom: 10px;\">\n<div><a href=\"comunidade-pagina-menu\"><span style=\"color: #ffffff;\"><i class=\"fa fa-puzzle-piece fa-3x\"><\/i><\/span><\/a><\/div>\n<div><a href=\"comunidade-pagina-menu\"><span style=\"color: #ffffff; font-size: 22pt;\">Comunidade<\/span><\/a><\/div>\n<\/div>\n<\/div>\n<\/div><\/div><\/div><div id=\"panel-172-1-1-1\" class=\"so-panel widget_nav_menu panel-last-child\" data-index=\"3\" ><div class=\"panel-widget-style panel-widget-style-for-172-1-1-1\" ><div class=\"menu-comunidade-menu-container\"><ul id=\"menu-comunidade-menu\" class=\"menu\"><li id=\"menu-item-708\" class=\"menu-item menu-item-type-post_type menu-item-object-page menu-item-708\"><a href=\"https:\/\/www.esbb.pt\/web\/comunidade-pagina-menu\/associacao-de-estudantes\/\">Associa\u00e7\u00e3o de Estudantes<\/a><\/li>\n<li id=\"menu-item-709\" class=\"menu-item menu-item-type-post_type menu-item-object-page menu-item-709\"><a href=\"https:\/\/www.esbb.pt\/web\/comunidade-pagina-menu\/associacao-de-pais\/\">Associa\u00e7\u00e3o de Pais e Encarregados de Educa\u00e7\u00e3o<\/a><\/li>\n<li id=\"menu-item-711\" class=\"menu-item menu-item-type-post_type menu-item-object-page menu-item-711\"><a href=\"https:\/\/www.esbb.pt\/web\/comunidade-pagina-menu\/formularios-uteis\/\">Formul\u00e1rios \u00fateis<\/a><\/li>\n<li id=\"menu-item-712\" class=\"menu-item menu-item-type-post_type menu-item-object-page menu-item-712\"><a href=\"https:\/\/www.esbb.pt\/web\/comunidade-pagina-menu\/protocolos-e-acordos\/\">Protocolos e Acordos<\/a><\/li>\n<li id=\"menu-item-1284\" class=\"menu-item menu-item-type-custom menu-item-object-custom menu-item-1284\"><a href=\"https:\/\/www.ine.pt\/xportal\/xmain?xpgid=ine_main&#038;xpid=INE\">Estat\u00edsticas<\/a><\/li>\n<\/ul><\/div><\/div><\/div><\/div><\/div><\/div><\/div>","protected":false},"excerpt":{"rendered":"<p>Associa\u00e7\u00e3o de Pais e Encarregados de Educa\u00e7\u00e3o 15854 &#8211; DI\u00c1RIO DA REP\u00daBLICA &#8211; III S\u00c9RIE N.\u00ba 209 &#8211; 9-9-1988 ASSOCIA\u00c7\u00c3O DE PAIS E ENCARREGADOS DE EDUCA\u00c7\u00c3ODA ESCOLA SECUND\u00c1RIA DA BAIXA DA BANHEIRA Certifico que, por escritura de 5 de Julho deste ano, lavrada a fls. 15 e seguintes do livro de notas n.\u00ba 4-B do &#8230; <a title=\"Associa\u00e7\u00e3o de Pais e Encarregados de Educa\u00e7\u00e3o\" class=\"read-more\" href=\"https:\/\/www.esbb.pt\/web\/comunidade-pagina-menu\/associacao-de-pais\/\" aria-label=\"Leia mais sobre Associa\u00e7\u00e3o de Pais e Encarregados de Educa\u00e7\u00e3o\">Ler mais<\/a><\/p>\n","protected":false},"author":1,"featured_media":0,"parent":31,"menu_order":0,"comment_status":"closed","ping_status":"closed","template":"","meta":{"footnotes":""},"class_list":["post-172","page","type-page","status-publish"],"_links":{"self":[{"href":"https:\/\/www.esbb.pt\/web\/wp-json\/wp\/v2\/pages\/172","targetHints":{"allow":["GET"]}}],"collection":[{"href":"https:\/\/www.esbb.pt\/web\/wp-json\/wp\/v2\/pages"}],"about":[{"href":"https:\/\/www.esbb.pt\/web\/wp-json\/wp\/v2\/types\/page"}],"author":[{"embeddable":true,"href":"https:\/\/www.esbb.pt\/web\/wp-json\/wp\/v2\/users\/1"}],"replies":[{"embeddable":true,"href":"https:\/\/www.esbb.pt\/web\/wp-json\/wp\/v2\/comments?post=172"}],"version-history":[{"count":7,"href":"https:\/\/www.esbb.pt\/web\/wp-json\/wp\/v2\/pages\/172\/revisions"}],"predecessor-version":[{"id":1361,"href":"https:\/\/www.esbb.pt\/web\/wp-json\/wp\/v2\/pages\/172\/revisions\/1361"}],"up":[{"embeddable":true,"href":"https:\/\/www.esbb.pt\/web\/wp-json\/wp\/v2\/pages\/31"}],"wp:attachment":[{"href":"https:\/\/www.esbb.pt\/web\/wp-json\/wp\/v2\/media?parent=172"}],"curies":[{"name":"wp","href":"https:\/\/api.w.org\/{rel}","templated":true}]}}