{"id":159,"date":"2017-05-12T12:50:41","date_gmt":"2017-05-12T12:50:41","guid":{"rendered":"http:\/\/www.esbb.pt\/web\/?page_id=159"},"modified":"2017-11-07T11:50:54","modified_gmt":"2017-11-07T11:50:54","slug":"rvcccno","status":"publish","type":"page","link":"https:\/\/www.esbb.pt\/web\/alunos-pagina-menu\/rvcccno\/","title":{"rendered":"RVCC\/CNO"},"content":{"rendered":"<div id=\"pl-159\"  class=\"panel-layout\" ><div id=\"pg-159-0\"  class=\"panel-grid panel-has-style\" ><div class=\"siteorigin-panels-stretch panel-row-style panel-row-style-for-159-0\" data-stretch-type=\"full-stretched\" ><div id=\"pgc-159-0-0\"  class=\"panel-grid-cell\" ><div id=\"panel-159-0-0-0\" class=\"so-panel widget_sow-image panel-first-child panel-last-child\" data-index=\"0\" ><div\n\t\t\t\n\t\t\tclass=\"so-widget-sow-image so-widget-sow-image-default-c4f6304fc136-159\"\n\t\t\t\n\t\t>\n<div class=\"sow-image-container\">\n\t\t<img \n\tsrc=\"https:\/\/www.esbb.pt\/web\/wp-content\/uploads\/2017\/05\/esbb_banner_alunos_03.jpg\" width=\"1506\" height=\"262\" srcset=\"https:\/\/www.esbb.pt\/web\/wp-content\/uploads\/2017\/05\/esbb_banner_alunos_03.jpg 1506w, https:\/\/www.esbb.pt\/web\/wp-content\/uploads\/2017\/05\/esbb_banner_alunos_03-300x52.jpg 300w, https:\/\/www.esbb.pt\/web\/wp-content\/uploads\/2017\/05\/esbb_banner_alunos_03-768x134.jpg 768w, https:\/\/www.esbb.pt\/web\/wp-content\/uploads\/2017\/05\/esbb_banner_alunos_03-1024x178.jpg 1024w\" sizes=\"(max-width: 1506px) 100vw, 1506px\" title=\"SONY DSC\" alt=\"\" \t\tclass=\"so-widget-image\"\/>\n\t<\/div>\n\n<\/div><\/div><\/div><\/div><\/div><div id=\"pg-159-1\"  class=\"panel-grid panel-has-style\" ><div class=\"panel-row-style panel-row-style-for-159-1\" ><div id=\"pgc-159-1-0\"  class=\"panel-grid-cell\" ><div id=\"panel-159-1-0-0\" class=\"so-panel widget_sow-editor panel-first-child panel-last-child\" data-index=\"1\" ><div\n\t\t\t\n\t\t\tclass=\"so-widget-sow-editor so-widget-sow-editor-base\"\n\t\t\t\n\t\t>\n<div class=\"siteorigin-widget-tinymce textwidget\">\n\t<h1>RVCC\/CNO<\/h1>\n<h2><b>SISTEMA DE RECONHECIMENTO, VALIDA\u00c7\u00c3O E CERTIFICA\u00c7\u00c3O DE COMPET\u00caNCIAS (RVCC).<\/b><\/h2>\n<blockquote><p>O Sistema Nacional de Reconhecimento, Valida\u00e7\u00e3o e Certifica\u00e7\u00e3o de Compet\u00eancias parte das suas experi\u00eancias de vida possibilitando-lhe validar os seus saberes e compet\u00eancias atribuindo-lhe um certificado escolar equivalente ao ensino b\u00e1sico ou ensino secund\u00e1rio.<\/p><\/blockquote>\n<p><span class=\"nomedisciplina\"><b>Para quem?<\/b><\/span><br \/>\nO Sistema Nacional de Reconhecimento, Valida\u00e7\u00e3o e Certifica\u00e7\u00e3o de Compet\u00eancias pode ser uma resposta para si caso se encontre nas seguintes condi\u00e7\u00f5es:<\/p>\n<ul id=\"listesbb\">\n<li class=\"myitem\">tem 18 anos ou mais de idade;<\/li>\n<li class=\"myitem\">adquiriu conhecimentos e compet\u00eancias atrav\u00e9s da sua experi\u00eancia de vida;<\/li>\n<li class=\"myitem\">n\u00e3o frequentou ou concluiu o 4\u00ba, 6\u00ba, ou 9\u00ba ano de escolaridade.<\/li>\n<\/ul>\n<p><span class=\"nomedisciplina\"><b>Qual o objectivo?<\/b><\/span><br \/>\nEste sistema d\u00e1-lhe a possibilidade de reconhecer, validar e certificar os conhecimentos e as compet\u00eancias resultantes da experi\u00eancia que adquiriu em diferentes contextos ao longo da sua vida.<br \/>\nA certifica\u00e7\u00e3o obtida atrav\u00e9s do sistema permite n\u00e3o s\u00f3 a sua valoriza\u00e7\u00e3o pessoal, social e profissional, mas tamb\u00e9m o prosseguimento de estudos\/forma\u00e7\u00e3o.<\/p>\n<p><span class=\"nomedisciplina\"><b>O que \u00e9?<\/b><\/span><br \/>\nO Sistema desenvolve-se atrav\u00e9s de um processo que decorre no Centro Novas Oportunidades, com o apoio de profissionais especializados. Este processo, que tem por base um referencial de Compet\u00eancias - Chave, est\u00e1 organizado em duas fases:<\/p>\n<ul id=\"listesbb\">\n<li class=\"myitem\">Reconhecimento;<\/li>\n<li class=\"myitem\">Valida\u00e7\u00e3o.<\/li>\n<\/ul>\n<p><span class=\"nomedisciplina\"><b>Qual a certifica\u00e7\u00e3o?<\/b><\/span><br \/>\nO Sistema Nacional de Reconhecimento, Valida\u00e7\u00e3o e Certifica\u00e7\u00e3o de Compet\u00eancias confere-lhe uma certifica\u00e7\u00e3o de B1, B2, ou B3 equivalente aos 1\u00ba, 2\u00ba ou 3\u00ba ciclos do ensino b\u00e1sico (4\u00ba, 6\u00ba ou 9\u00ba ano de escolaridade) e em breve tamb\u00e9m ao ensino secund\u00e1rio (12\u00baano de escolaridade)<\/p>\n<p><span class=\"nomedisciplina\"><b>Prosseguimento de estudos\/forma\u00e7\u00e3o?<\/b><\/span><br \/>\nSe desejar, pode prosseguir estudos nos n\u00edveis de educa\u00e7\u00e3o\/forma\u00e7\u00e3o que se seguem:<\/p>\n<ul id=\"listesbb\"\">\n<li class=\"myitem\"><strong>a obten\u00e7\u00e3o do certificado de n\u00edvel B1 permite-lhe o prosseguimento de estudos no 2\u00ba ciclo, atrav\u00e9s:<\/strong>\n<ul id=\"listesbb\">\n<li class=\"myitem\">do ensino b\u00e1sico recorrente;<\/li>\n<li class=\"myitem\">de um Curso de Educa\u00e7\u00e3o e Forma\u00e7\u00e3o de Adultos;<\/li>\n<\/ul>\n<\/li>\n<\/ul>\n<ul id=\"listesbb\">\n<li class=\"myitem\"><strong>a obten\u00e7\u00e3o do certificado de n\u00edvel B2 permite-lhe o prosseguimento de estudos no 3\u00baciclo do ensino b\u00e1sico, atrav\u00e9s:<\/strong>\n<ul id=\"listesbb\">\n<li class=\"myitem\">de um Curso de Educa\u00e7\u00e3o e Forma\u00e7\u00e3o de Adultos;<\/li>\n<\/ul>\n<\/li>\n<\/ul>\n<ul id=\"listesbb\">\n<li class=\"myitem\"><strong>a obten\u00e7\u00e3o do certificado de n\u00edvel B3 permite-lhe o prosseguimento de estudos e de forma\u00e7\u00e3o, atrav\u00e9s de:<\/strong>\n<ul id=\"listesbb\">\n<li class=\"myitem\">um Curso do Ensino Recorrente de n\u00edvel secund\u00e1rio;<\/li>\n<li class=\"myitem\">um Curso de Forma\u00e7\u00e3o Complementar, com acesso, posterior, a um Curso de Educa\u00e7\u00e3o e Forma\u00e7\u00e3o Tipo 5;<\/li>\n<li class=\"myitem\">um Curso Profissional de n\u00edvel 3;<\/li>\n<li class=\"myitem\">um Curso do Sistema Nacional de Aprendizagem (se tiver idade inferior a 25 anos).<\/li>\n<\/ul>\n<\/li>\n<\/ul>\n<\/div>\n<\/div><\/div><\/div><div id=\"pgc-159-1-1\"  class=\"panel-grid-cell\" ><div id=\"panel-159-1-1-0\" class=\"so-panel widget_sow-editor panel-first-child\" data-index=\"2\" ><div class=\"panel-widget-style panel-widget-style-for-159-1-1-0\" ><div\n\t\t\t\n\t\t\tclass=\"so-widget-sow-editor so-widget-sow-editor-base\"\n\t\t\t\n\t\t>\n<div class=\"siteorigin-widget-tinymce textwidget\">\n\t<div style=\"background-color: #415a99; text-align: center; padding-top: 20px; padding-bottom: 10px;\">\n<div><a href=\"alunos-pagina-menu\"><span style=\"color: #ffffff;\"><i class=\"fa fa-users fa-3x\"><\/i><\/span><\/a><\/div>\n<div><a href=\"alunos-pagina-menu\"><span style=\"color: #ffffff; font-size: 22pt;\">Alunos<\/span><\/a><\/div>\n<\/div><\/div>\n<\/div><\/div><\/div><div id=\"panel-159-1-1-1\" class=\"so-panel widget_nav_menu panel-last-child\" data-index=\"3\" ><div class=\"panel-widget-style panel-widget-style-for-159-1-1-1\" ><div class=\"menu-alunos-menu-container\"><ul id=\"menu-alunos-menu\" class=\"menu\"><li id=\"menu-item-4524\" class=\"menu-item menu-item-type-post_type menu-item-object-page menu-item-4524\"><a href=\"https:\/\/www.esbb.pt\/web\/exames-2024\/\">Exames 2024<\/a><\/li>\n<li id=\"menu-item-4328\" class=\"menu-item menu-item-type-custom menu-item-object-custom menu-item-4328\"><a href=\"https:\/\/aebbva.pt\/manuais-escolares-2024-2025\/\">Manuais Escolares<\/a><\/li>\n<li id=\"menu-item-4362\" class=\"menu-item menu-item-type-custom menu-item-object-custom menu-item-4362\"><a href=\"http:\/\/cursos.esbb.pt\/\">Cursos<\/a><\/li>\n<li id=\"menu-item-706\" class=\"menu-item menu-item-type-post_type menu-item-object-page menu-item-706\"><a href=\"https:\/\/www.esbb.pt\/web\/alunos-pagina-menu\/rvcccno\/\">RVCC\/CNO<\/a><\/li>\n<\/ul><\/div><\/div><\/div><\/div><\/div><\/div><\/div>","protected":false},"excerpt":{"rendered":"<p>RVCC\/CNO SISTEMA DE RECONHECIMENTO, VALIDA\u00c7\u00c3O E CERTIFICA\u00c7\u00c3O DE COMPET\u00caNCIAS (RVCC). O Sistema Nacional de Reconhecimento, Valida\u00e7\u00e3o e Certifica\u00e7\u00e3o de Compet\u00eancias parte das suas experi\u00eancias de vida possibilitando-lhe validar os seus saberes e compet\u00eancias atribuindo-lhe um certificado escolar equivalente ao ensino b\u00e1sico ou ensino secund\u00e1rio. Para quem? O Sistema Nacional de Reconhecimento, Valida\u00e7\u00e3o e Certifica\u00e7\u00e3o de &#8230; <a title=\"RVCC\/CNO\" class=\"read-more\" href=\"https:\/\/www.esbb.pt\/web\/alunos-pagina-menu\/rvcccno\/\" aria-label=\"Leia mais sobre RVCC\/CNO\">Ler mais<\/a><\/p>\n","protected":false},"author":1,"featured_media":0,"parent":27,"menu_order":0,"comment_status":"closed","ping_status":"closed","template":"","meta":{"footnotes":""},"class_list":["post-159","page","type-page","status-publish"],"_links":{"self":[{"href":"https:\/\/www.esbb.pt\/web\/wp-json\/wp\/v2\/pages\/159","targetHints":{"allow":["GET"]}}],"collection":[{"href":"https:\/\/www.esbb.pt\/web\/wp-json\/wp\/v2\/pages"}],"about":[{"href":"https:\/\/www.esbb.pt\/web\/wp-json\/wp\/v2\/types\/page"}],"author":[{"embeddable":true,"href":"https:\/\/www.esbb.pt\/web\/wp-json\/wp\/v2\/users\/1"}],"replies":[{"embeddable":true,"href":"https:\/\/www.esbb.pt\/web\/wp-json\/wp\/v2\/comments?post=159"}],"version-history":[{"count":9,"href":"https:\/\/www.esbb.pt\/web\/wp-json\/wp\/v2\/pages\/159\/revisions"}],"predecessor-version":[{"id":1337,"href":"https:\/\/www.esbb.pt\/web\/wp-json\/wp\/v2\/pages\/159\/revisions\/1337"}],"up":[{"embeddable":true,"href":"https:\/\/www.esbb.pt\/web\/wp-json\/wp\/v2\/pages\/27"}],"wp:attachment":[{"href":"https:\/\/www.esbb.pt\/web\/wp-json\/wp\/v2\/media?parent=159"}],"curies":[{"name":"wp","href":"https:\/\/api.w.org\/{rel}","templated":true}]}}